{"id":35,"date":"2022-02-22T15:25:17","date_gmt":"2022-02-22T15:25:17","guid":{"rendered":"https:\/\/popbio2022.events.unibz.it\/?page_id=35"},"modified":"2022-03-04T15:38:53","modified_gmt":"2022-03-04T15:38:53","slug":"venue-2","status":"publish","type":"page","link":"https:\/\/popbio2022.events.unibz.it\/?page_id=35","title":{"rendered":"ORGANIZERS"},"content":{"rendered":"\n<p><strong>Scientific Board<\/strong><\/p>\n\n\n\n<p>Camilla Wellstein, Free University of Bozen-Bolzano, Italy<\/p>\n\n\n\n<p>Stefan Zerbe, Free University of Bozen-Bolzano, Italy<\/p>\n\n\n\n<p>Gabriele Casazza, University of Genoa, Italy<\/p>\n\n\n\n<p>Angelino Carta, University of Pisa, Italy<\/p>\n\n\n\n<p>Solveig Franziska Bucher, University of Jena, Germany<\/p>\n\n\n\n<p>Sergey Rosbakh, University of Regensburg, Germany<\/p>\n\n\n\n<p>Jitka Klime\u0161ov\u00e1, Academy of Science of the Czech Republic, Czech Republic<\/p>\n\n\n\n<p>Tom\u00e1\u0161 Herben, Charles University in Prague, Czech Republic<\/p>\n\n\n\n<div style=\"height:100px\" aria-hidden=\"true\" class=\"wp-block-spacer\"><\/div>\n\n\n\n<p><strong>Local Organizers (Free University-of Bozen Bolzano)<\/strong><\/p>\n\n\n\n<p>Camilla Wellstein<\/p>\n\n\n\n<p>Stefan Zerbe<\/p>\n\n\n\n<p>Gianmaria Bonari<\/p>\n\n\n\n<p>Renate Folie<\/p>\n","protected":false},"excerpt":{"rendered":"<p>Scientific Board Camilla Wellstein, Free University of Bozen-Bolzano, Italy Stefan Zerbe, Free University of Bozen-Bolzano, Italy Gabriele Casazza, University of Genoa, Italy Angelino Carta, University of Pisa, Italy Solveig Franziska Bucher, University of Jena, Germany Sergey Rosbakh, University of Regensburg, Germany Jitka Klime\u0161ov\u00e1, Academy of Science of the Czech Republic, Czech Republic Tom\u00e1\u0161 Herben, Charles University in Prague, Czech Republic Local Organizers (Free University-of Bozen Bolzano) Camilla Wellstein Stefan Zerbe Gianmaria Bonari Renate Folie<\/p>\n","protected":false},"author":4,"featured_media":0,"parent":0,"menu_order":0,"comment_status":"closed","ping_status":"closed","template":"","meta":{"footnotes":""},"class_list":["post-35","page","type-page","status-publish","hentry"],"yoast_head":"<!-- This site is optimized with the Yoast SEO plugin v27.5 - https:\/\/yoast.com\/product\/yoast-seo-wordpress\/ -->\n<title>ORGANIZERS - Plant Population Biology 2022<\/title>\n<meta name=\"robots\" content=\"index, follow, max-snippet:-1, max-image-preview:large, max-video-preview:-1\" \/>\n<link rel=\"canonical\" href=\"https:\/\/popbio2022.events.unibz.it\/?page_id=35\" \/>\n<meta property=\"og:locale\" content=\"en_US\" \/>\n<meta property=\"og:type\" content=\"article\" \/>\n<meta property=\"og:title\" content=\"ORGANIZERS - Plant Population Biology 2022\" \/>\n<meta property=\"og:description\" content=\"Scientific Board Camilla Wellstein, Free University of Bozen-Bolzano, Italy Stefan Zerbe, Free University of Bozen-Bolzano, Italy Gabriele Casazza, University of Genoa, Italy Angelino Carta, University of Pisa, Italy Solveig Franziska Bucher, University of Jena, Germany Sergey Rosbakh, University of Regensburg, Germany Jitka Klime\u0161ov\u00e1, Academy of Science of the Czech Republic, Czech Republic Tom\u00e1\u0161 Herben, Charles University in Prague, Czech Republic Local Organizers (Free University-of Bozen Bolzano) Camilla Wellstein Stefan Zerbe Gianmaria Bonari Renate Folie\" \/>\n<meta property=\"og:url\" content=\"https:\/\/popbio2022.events.unibz.it\/?page_id=35\" \/>\n<meta property=\"og:site_name\" content=\"Plant Population Biology 2022\" \/>\n<meta property=\"article:modified_time\" content=\"2022-03-04T15:38:53+00:00\" \/>\n<meta name=\"twitter:card\" content=\"summary_large_image\" \/>\n<meta name=\"twitter:label1\" content=\"Est. reading time\" \/>\n\t<meta name=\"twitter:data1\" content=\"1 minute\" \/>\n<script type=\"application\/ld+json\" class=\"yoast-schema-graph\">{\"@context\":\"https:\\\/\\\/schema.org\",\"@graph\":[{\"@type\":\"WebPage\",\"@id\":\"https:\\\/\\\/popbio2022.events.unibz.it\\\/?page_id=35\",\"url\":\"https:\\\/\\\/popbio2022.events.unibz.it\\\/?page_id=35\",\"name\":\"ORGANIZERS - Plant Population Biology 2022\",\"isPartOf\":{\"@id\":\"https:\\\/\\\/popbio2022.events.unibz.it\\\/#website\"},\"datePublished\":\"2022-02-22T15:25:17+00:00\",\"dateModified\":\"2022-03-04T15:38:53+00:00\",\"breadcrumb\":{\"@id\":\"https:\\\/\\\/popbio2022.events.unibz.it\\\/?page_id=35#breadcrumb\"},\"inLanguage\":\"en-US\",\"potentialAction\":[{\"@type\":\"ReadAction\",\"target\":[\"https:\\\/\\\/popbio2022.events.unibz.it\\\/?page_id=35\"]}]},{\"@type\":\"BreadcrumbList\",\"@id\":\"https:\\\/\\\/popbio2022.events.unibz.it\\\/?page_id=35#breadcrumb\",\"itemListElement\":[{\"@type\":\"ListItem\",\"position\":1,\"name\":\"Home\",\"item\":\"https:\\\/\\\/popbio2022.events.unibz.it\\\/\"},{\"@type\":\"ListItem\",\"position\":2,\"name\":\"ORGANIZERS\"}]},{\"@type\":\"WebSite\",\"@id\":\"https:\\\/\\\/popbio2022.events.unibz.it\\\/#website\",\"url\":\"https:\\\/\\\/popbio2022.events.unibz.it\\\/\",\"name\":\"Plant Population Biology 2022\",\"description\":\"Just another WordPress site\",\"potentialAction\":[{\"@type\":\"SearchAction\",\"target\":{\"@type\":\"EntryPoint\",\"urlTemplate\":\"https:\\\/\\\/popbio2022.events.unibz.it\\\/?s={search_term_string}\"},\"query-input\":{\"@type\":\"PropertyValueSpecification\",\"valueRequired\":true,\"valueName\":\"search_term_string\"}}],\"inLanguage\":\"en-US\"}]}<\/script>\n<!-- \/ Yoast SEO plugin. -->","yoast_head_json":{"title":"ORGANIZERS - Plant Population Biology 2022","robots":{"index":"index","follow":"follow","max-snippet":"max-snippet:-1","max-image-preview":"max-image-preview:large","max-video-preview":"max-video-preview:-1"},"canonical":"https:\/\/popbio2022.events.unibz.it\/?page_id=35","og_locale":"en_US","og_type":"article","og_title":"ORGANIZERS - Plant Population Biology 2022","og_description":"Scientific Board Camilla Wellstein, Free University of Bozen-Bolzano, Italy Stefan Zerbe, Free University of Bozen-Bolzano, Italy Gabriele Casazza, University of Genoa, Italy Angelino Carta, University of Pisa, Italy Solveig Franziska Bucher, University of Jena, Germany Sergey Rosbakh, University of Regensburg, Germany Jitka Klime\u0161ov\u00e1, Academy of Science of the Czech Republic, Czech Republic Tom\u00e1\u0161 Herben, Charles University in Prague, Czech Republic Local Organizers (Free University-of Bozen Bolzano) Camilla Wellstein Stefan Zerbe Gianmaria Bonari Renate Folie","og_url":"https:\/\/popbio2022.events.unibz.it\/?page_id=35","og_site_name":"Plant Population Biology 2022","article_modified_time":"2022-03-04T15:38:53+00:00","twitter_card":"summary_large_image","twitter_misc":{"Est. reading time":"1 minute"},"schema":{"@context":"https:\/\/schema.org","@graph":[{"@type":"WebPage","@id":"https:\/\/popbio2022.events.unibz.it\/?page_id=35","url":"https:\/\/popbio2022.events.unibz.it\/?page_id=35","name":"ORGANIZERS - Plant Population Biology 2022","isPartOf":{"@id":"https:\/\/popbio2022.events.unibz.it\/#website"},"datePublished":"2022-02-22T15:25:17+00:00","dateModified":"2022-03-04T15:38:53+00:00","breadcrumb":{"@id":"https:\/\/popbio2022.events.unibz.it\/?page_id=35#breadcrumb"},"inLanguage":"en-US","potentialAction":[{"@type":"ReadAction","target":["https:\/\/popbio2022.events.unibz.it\/?page_id=35"]}]},{"@type":"BreadcrumbList","@id":"https:\/\/popbio2022.events.unibz.it\/?page_id=35#breadcrumb","itemListElement":[{"@type":"ListItem","position":1,"name":"Home","item":"https:\/\/popbio2022.events.unibz.it\/"},{"@type":"ListItem","position":2,"name":"ORGANIZERS"}]},{"@type":"WebSite","@id":"https:\/\/popbio2022.events.unibz.it\/#website","url":"https:\/\/popbio2022.events.unibz.it\/","name":"Plant Population Biology 2022","description":"Just another WordPress site","potentialAction":[{"@type":"SearchAction","target":{"@type":"EntryPoint","urlTemplate":"https:\/\/popbio2022.events.unibz.it\/?s={search_term_string}"},"query-input":{"@type":"PropertyValueSpecification","valueRequired":true,"valueName":"search_term_string"}}],"inLanguage":"en-US"}]}},"_links":{"self":[{"href":"https:\/\/popbio2022.events.unibz.it\/index.php?rest_route=\/wp\/v2\/pages\/35","targetHints":{"allow":["GET"]}}],"collection":[{"href":"https:\/\/popbio2022.events.unibz.it\/index.php?rest_route=\/wp\/v2\/pages"}],"about":[{"href":"https:\/\/popbio2022.events.unibz.it\/index.php?rest_route=\/wp\/v2\/types\/page"}],"author":[{"embeddable":true,"href":"https:\/\/popbio2022.events.unibz.it\/index.php?rest_route=\/wp\/v2\/users\/4"}],"replies":[{"embeddable":true,"href":"https:\/\/popbio2022.events.unibz.it\/index.php?rest_route=%2Fwp%2Fv2%2Fcomments&post=35"}],"version-history":[{"count":10,"href":"https:\/\/popbio2022.events.unibz.it\/index.php?rest_route=\/wp\/v2\/pages\/35\/revisions"}],"predecessor-version":[{"id":103,"href":"https:\/\/popbio2022.events.unibz.it\/index.php?rest_route=\/wp\/v2\/pages\/35\/revisions\/103"}],"wp:attachment":[{"href":"https:\/\/popbio2022.events.unibz.it\/index.php?rest_route=%2Fwp%2Fv2%2Fmedia&parent=35"}],"curies":[{"name":"wp","href":"https:\/\/api.w.org\/{rel}","templated":true}]}}