{"id":23,"date":"2022-02-22T15:18:10","date_gmt":"2022-02-22T15:18:10","guid":{"rendered":"https:\/\/popbio2022.events.unibz.it\/?page_id=23"},"modified":"2022-04-13T12:41:29","modified_gmt":"2022-04-13T12:41:29","slug":"keynotes","status":"publish","type":"page","link":"https:\/\/popbio2022.events.unibz.it\/?page_id=23","title":{"rendered":"KEYNOTES"},"content":{"rendered":"\n<p><strong>Emiliano Trucchi<\/strong> (Dipartimento di Scienze della Vita e dell\u2019ambiente, Universit\u00e0 Politecnica delle Marche, Italy): <em>Common bean domestication genomics and implications<\/em><\/p>\n\n\n\n<p><a href=\"https:\/\/www.univpm.it\/Entra\/Naturwissenschaften\/docname\/L\/1\">https:\/\/www.univpm.it\/Entra\/Naturwissenschaften\/docname\/L\/1<\/a><\/p>\n\n\n\n<p><strong>Niek Scheepens<\/strong> (Institut f\u00fcr \u00d6kologie, Evolution und Diversit\u00e4t, Goethe-Universit\u00e4t Frankfurt, Deutschland): <em>The resurrection approach: case studies and general aspects<\/em><\/p>\n\n\n\n<p><a href=\"https:\/\/www.bio.uni-frankfurt.de\/87456877\/Abt__Scheepens\">https:\/\/www.bio.uni-frankfurt.de\/87456877\/Abt__Scheepens<\/a><\/p>\n\n\n\n<p><strong>Anna Bucharova<\/strong> (Fachbereich Biologie, Philipps Universit\u00e4t Marburg, Deutschland): <em>Seeding the future: Evolutionary perspective on seed based ecological restoration<\/em><\/p>\n\n\n\n<p><a href=\"https:\/\/www.uni-marburg.de\/de\/fb17\/fachgebiete\/naturschutz\/ag-naturschutzbiologie\/team\/anna-lampei-bucharova\">https:\/\/www.uni-marburg.de\/de\/fb17\/fachgebiete\/naturschutz\/ag-naturschutzbiologie\/team\/anna-lampei-bucharova<\/a><\/p>\n\n\n\n<p><strong>Claus B\u00e4ssler <\/strong>(Fachbereich Biowissenschaften, Goethe-Universit\u00e4t Frankfurt a.M., Germany): <em>Fungal functional ecology &#8211; towards a deeper understanding of fungal diversity<\/em><\/p>\n\n\n\n<p><a href=\"https:\/\/www.bio.uni-frankfurt.de\/90692154\/Claus_B%C3%A4ssler\">https:\/\/www.bio.uni-frankfurt.de\/90692154\/Claus_B%C3%A4ssler<\/a><\/p>\n\n\n\n<p><strong>Florian Jansen <\/strong>(Agrar- und Umweltwissenschaftliche Fakult\u00e4t, Universit\u00e4t Rostock, Germany); <em>Changes of species distribution and abundance in Germany derived from legacy observational data<\/em><\/p>\n\n\n\n<p><a href=\"https:\/\/www.auf.uni-rostock.de\/jansen\/\">https:\/\/www.auf.uni-rostock.de\/jansen\/<\/a><\/p>\n\n\n\n<p><\/p>\n\n\n\n<p><\/p>\n\n\n\n<p><\/p>\n","protected":false},"excerpt":{"rendered":"<p>Emiliano Trucchi (Dipartimento di Scienze della Vita e dell\u2019ambiente, Universit\u00e0 Politecnica delle Marche, Italy): Common bean domestication genomics and implications https:\/\/www.univpm.it\/Entra\/Naturwissenschaften\/docname\/L\/1 Niek Scheepens (Institut f\u00fcr \u00d6kologie, Evolution und Diversit\u00e4t, Goethe-Universit\u00e4t Frankfurt, Deutschland): The resurrection approach: case studies and general aspects https:\/\/www.bio.uni-frankfurt.de\/87456877\/Abt__Scheepens Anna Bucharova (Fachbereich Biologie, Philipps Universit\u00e4t Marburg, Deutschland): Seeding the future: Evolutionary perspective on seed based ecological restoration https:\/\/www.uni-marburg.de\/de\/fb17\/fachgebiete\/naturschutz\/ag-naturschutzbiologie\/team\/anna-lampei-bucharova Claus B\u00e4ssler (Fachbereich Biowissenschaften, Goethe-Universit\u00e4t Frankfurt a.M., Germany): Fungal functional ecology &#8211; towards a deeper understanding of fungal diversity https:\/\/www.bio.uni-frankfurt.de\/90692154\/Claus_B%C3%A4ssler Florian Jansen (Agrar- und Umweltwissenschaftliche Fakult\u00e4t, Universit\u00e4t Rostock, Germany); Changes of species distribution and abundance in Germany derived from legacy [&hellip;]<\/p>\n","protected":false},"author":4,"featured_media":0,"parent":0,"menu_order":0,"comment_status":"closed","ping_status":"closed","template":"","meta":{"footnotes":""},"class_list":["post-23","page","type-page","status-publish","hentry"],"yoast_head":"<!-- This site is optimized with the Yoast SEO plugin v27.2 - https:\/\/yoast.com\/product\/yoast-seo-wordpress\/ -->\n<title>KEYNOTES - Plant Population Biology 2022<\/title>\n<meta name=\"robots\" content=\"index, follow, max-snippet:-1, max-image-preview:large, max-video-preview:-1\" \/>\n<link rel=\"canonical\" href=\"https:\/\/popbio2022.events.unibz.it\/?page_id=23\" \/>\n<meta property=\"og:locale\" content=\"en_US\" \/>\n<meta property=\"og:type\" content=\"article\" \/>\n<meta property=\"og:title\" content=\"KEYNOTES - Plant Population Biology 2022\" \/>\n<meta property=\"og:description\" content=\"Emiliano Trucchi (Dipartimento di Scienze della Vita e dell\u2019ambiente, Universit\u00e0 Politecnica delle Marche, Italy): Common bean domestication genomics and implications https:\/\/www.univpm.it\/Entra\/Naturwissenschaften\/docname\/L\/1 Niek Scheepens (Institut f\u00fcr \u00d6kologie, Evolution und Diversit\u00e4t, Goethe-Universit\u00e4t Frankfurt, Deutschland): The resurrection approach: case studies and general aspects https:\/\/www.bio.uni-frankfurt.de\/87456877\/Abt__Scheepens Anna Bucharova (Fachbereich Biologie, Philipps Universit\u00e4t Marburg, Deutschland): Seeding the future: Evolutionary perspective on seed based ecological restoration https:\/\/www.uni-marburg.de\/de\/fb17\/fachgebiete\/naturschutz\/ag-naturschutzbiologie\/team\/anna-lampei-bucharova Claus B\u00e4ssler (Fachbereich Biowissenschaften, Goethe-Universit\u00e4t Frankfurt a.M., Germany): Fungal functional ecology &#8211; towards a deeper understanding of fungal diversity https:\/\/www.bio.uni-frankfurt.de\/90692154\/Claus_B%C3%A4ssler Florian Jansen (Agrar- und Umweltwissenschaftliche Fakult\u00e4t, Universit\u00e4t Rostock, Germany); Changes of species distribution and abundance in Germany derived from legacy [&hellip;]\" \/>\n<meta property=\"og:url\" content=\"https:\/\/popbio2022.events.unibz.it\/?page_id=23\" \/>\n<meta property=\"og:site_name\" content=\"Plant Population Biology 2022\" \/>\n<meta property=\"article:modified_time\" content=\"2022-04-13T12:41:29+00:00\" \/>\n<meta name=\"twitter:card\" content=\"summary_large_image\" \/>\n<meta name=\"twitter:label1\" content=\"Est. reading time\" \/>\n\t<meta name=\"twitter:data1\" content=\"1 minute\" \/>\n<script type=\"application\/ld+json\" class=\"yoast-schema-graph\">{\"@context\":\"https:\/\/schema.org\",\"@graph\":[{\"@type\":\"WebPage\",\"@id\":\"https:\/\/popbio2022.events.unibz.it\/?page_id=23\",\"url\":\"https:\/\/popbio2022.events.unibz.it\/?page_id=23\",\"name\":\"KEYNOTES - Plant Population Biology 2022\",\"isPartOf\":{\"@id\":\"https:\/\/popbio2022.events.unibz.it\/#website\"},\"datePublished\":\"2022-02-22T15:18:10+00:00\",\"dateModified\":\"2022-04-13T12:41:29+00:00\",\"breadcrumb\":{\"@id\":\"https:\/\/popbio2022.events.unibz.it\/?page_id=23#breadcrumb\"},\"inLanguage\":\"en-US\",\"potentialAction\":[{\"@type\":\"ReadAction\",\"target\":[\"https:\/\/popbio2022.events.unibz.it\/?page_id=23\"]}]},{\"@type\":\"BreadcrumbList\",\"@id\":\"https:\/\/popbio2022.events.unibz.it\/?page_id=23#breadcrumb\",\"itemListElement\":[{\"@type\":\"ListItem\",\"position\":1,\"name\":\"Home\",\"item\":\"https:\/\/popbio2022.events.unibz.it\/\"},{\"@type\":\"ListItem\",\"position\":2,\"name\":\"KEYNOTES\"}]},{\"@type\":\"WebSite\",\"@id\":\"https:\/\/popbio2022.events.unibz.it\/#website\",\"url\":\"https:\/\/popbio2022.events.unibz.it\/\",\"name\":\"Plant Population Biology 2022\",\"description\":\"Just another WordPress site\",\"potentialAction\":[{\"@type\":\"SearchAction\",\"target\":{\"@type\":\"EntryPoint\",\"urlTemplate\":\"https:\/\/popbio2022.events.unibz.it\/?s={search_term_string}\"},\"query-input\":{\"@type\":\"PropertyValueSpecification\",\"valueRequired\":true,\"valueName\":\"search_term_string\"}}],\"inLanguage\":\"en-US\"}]}<\/script>\n<!-- \/ Yoast SEO plugin. -->","yoast_head_json":{"title":"KEYNOTES - Plant Population Biology 2022","robots":{"index":"index","follow":"follow","max-snippet":"max-snippet:-1","max-image-preview":"max-image-preview:large","max-video-preview":"max-video-preview:-1"},"canonical":"https:\/\/popbio2022.events.unibz.it\/?page_id=23","og_locale":"en_US","og_type":"article","og_title":"KEYNOTES - Plant Population Biology 2022","og_description":"Emiliano Trucchi (Dipartimento di Scienze della Vita e dell\u2019ambiente, Universit\u00e0 Politecnica delle Marche, Italy): Common bean domestication genomics and implications https:\/\/www.univpm.it\/Entra\/Naturwissenschaften\/docname\/L\/1 Niek Scheepens (Institut f\u00fcr \u00d6kologie, Evolution und Diversit\u00e4t, Goethe-Universit\u00e4t Frankfurt, Deutschland): The resurrection approach: case studies and general aspects https:\/\/www.bio.uni-frankfurt.de\/87456877\/Abt__Scheepens Anna Bucharova (Fachbereich Biologie, Philipps Universit\u00e4t Marburg, Deutschland): Seeding the future: Evolutionary perspective on seed based ecological restoration https:\/\/www.uni-marburg.de\/de\/fb17\/fachgebiete\/naturschutz\/ag-naturschutzbiologie\/team\/anna-lampei-bucharova Claus B\u00e4ssler (Fachbereich Biowissenschaften, Goethe-Universit\u00e4t Frankfurt a.M., Germany): Fungal functional ecology &#8211; towards a deeper understanding of fungal diversity https:\/\/www.bio.uni-frankfurt.de\/90692154\/Claus_B%C3%A4ssler Florian Jansen (Agrar- und Umweltwissenschaftliche Fakult\u00e4t, Universit\u00e4t Rostock, Germany); Changes of species distribution and abundance in Germany derived from legacy [&hellip;]","og_url":"https:\/\/popbio2022.events.unibz.it\/?page_id=23","og_site_name":"Plant Population Biology 2022","article_modified_time":"2022-04-13T12:41:29+00:00","twitter_card":"summary_large_image","twitter_misc":{"Est. reading time":"1 minute"},"schema":{"@context":"https:\/\/schema.org","@graph":[{"@type":"WebPage","@id":"https:\/\/popbio2022.events.unibz.it\/?page_id=23","url":"https:\/\/popbio2022.events.unibz.it\/?page_id=23","name":"KEYNOTES - Plant Population Biology 2022","isPartOf":{"@id":"https:\/\/popbio2022.events.unibz.it\/#website"},"datePublished":"2022-02-22T15:18:10+00:00","dateModified":"2022-04-13T12:41:29+00:00","breadcrumb":{"@id":"https:\/\/popbio2022.events.unibz.it\/?page_id=23#breadcrumb"},"inLanguage":"en-US","potentialAction":[{"@type":"ReadAction","target":["https:\/\/popbio2022.events.unibz.it\/?page_id=23"]}]},{"@type":"BreadcrumbList","@id":"https:\/\/popbio2022.events.unibz.it\/?page_id=23#breadcrumb","itemListElement":[{"@type":"ListItem","position":1,"name":"Home","item":"https:\/\/popbio2022.events.unibz.it\/"},{"@type":"ListItem","position":2,"name":"KEYNOTES"}]},{"@type":"WebSite","@id":"https:\/\/popbio2022.events.unibz.it\/#website","url":"https:\/\/popbio2022.events.unibz.it\/","name":"Plant Population Biology 2022","description":"Just another WordPress site","potentialAction":[{"@type":"SearchAction","target":{"@type":"EntryPoint","urlTemplate":"https:\/\/popbio2022.events.unibz.it\/?s={search_term_string}"},"query-input":{"@type":"PropertyValueSpecification","valueRequired":true,"valueName":"search_term_string"}}],"inLanguage":"en-US"}]}},"_links":{"self":[{"href":"https:\/\/popbio2022.events.unibz.it\/index.php?rest_route=\/wp\/v2\/pages\/23","targetHints":{"allow":["GET"]}}],"collection":[{"href":"https:\/\/popbio2022.events.unibz.it\/index.php?rest_route=\/wp\/v2\/pages"}],"about":[{"href":"https:\/\/popbio2022.events.unibz.it\/index.php?rest_route=\/wp\/v2\/types\/page"}],"author":[{"embeddable":true,"href":"https:\/\/popbio2022.events.unibz.it\/index.php?rest_route=\/wp\/v2\/users\/4"}],"replies":[{"embeddable":true,"href":"https:\/\/popbio2022.events.unibz.it\/index.php?rest_route=%2Fwp%2Fv2%2Fcomments&post=23"}],"version-history":[{"count":8,"href":"https:\/\/popbio2022.events.unibz.it\/index.php?rest_route=\/wp\/v2\/pages\/23\/revisions"}],"predecessor-version":[{"id":181,"href":"https:\/\/popbio2022.events.unibz.it\/index.php?rest_route=\/wp\/v2\/pages\/23\/revisions\/181"}],"wp:attachment":[{"href":"https:\/\/popbio2022.events.unibz.it\/index.php?rest_route=%2Fwp%2Fv2%2Fmedia&parent=23"}],"curies":[{"name":"wp","href":"https:\/\/api.w.org\/{rel}","templated":true}]}}